{"id":83,"date":"2024-01-17T15:49:15","date_gmt":"2024-01-17T14:49:15","guid":{"rendered":"http:\/\/localhost\/restauranteulia\/?page_id=83"},"modified":"2024-02-19T12:38:19","modified_gmt":"2024-02-19T11:38:19","slug":"el-restaurante","status":"publish","type":"page","link":"https:\/\/restauranteulia.com\/fr\/el-restaurante\/","title":{"rendered":"Le Restaurant"},"content":{"rendered":"<p>[et_pb_section fb_built=\u00bb1&#8243; _builder_version=\u00bb4.23.4&#8243; _module_preset=\u00bbdefault\u00bb background_color=\u00bbRGBA(255,255,255,0)\u00bb min_height=\u00bb100vh\u00bb da_disable_devices=\u00bboff|off|off\u00bb global_colors_info=\u00bb{}\u00bb da_is_popup=\u00bboff\u00bb da_exit_intent=\u00bboff\u00bb da_has_close=\u00bbon\u00bb da_alt_close=\u00bboff\u00bb da_dark_close=\u00bboff\u00bb da_not_modal=\u00bbon\u00bb da_is_singular=\u00bboff\u00bb da_with_loader=\u00bboff\u00bb da_has_shadow=\u00bbon\u00bb][et_pb_row _builder_version=\u00bb4.23.4&#8243; _module_preset=\u00bbdefault\u00bb global_colors_info=\u00bb{}\u00bb][et_pb_column type=\u00bb4_4&#8243; _builder_version=\u00bb4.23.4&#8243; _module_preset=\u00bbdefault\u00bb global_colors_info=\u00bb{}\u00bb][et_pb_text _builder_version=\u00bb4.24.1&#8243; _module_preset=\u00bbdefault\u00bb text_font=\u00bbOpen||||||||\u00bb text_font_size=\u00bb18px\u00bb text_orientation=\u00bbcenter\u00bb custom_margin=\u00bb||||false|false\u00bb custom_margin_tablet=\u00bb||||false|false\u00bb custom_margin_phone=\u00bb||1vh||false|false\u00bb custom_margin_last_edited=\u00bbon|phone\u00bb hover_enabled=\u00bb0&#8243; global_colors_info=\u00bb{}\u00bb sticky_enabled=\u00bb0&#8243;]<\/p>\n<p>NUESTRA HISTORIA<\/p>\n<p>[\/et_pb_text][et_pb_text _builder_version=\u00bb4.24.1&#8243; _module_preset=\u00bbdefault\u00bb text_font=\u00bbCaviar Dreams Bold||||||||\u00bb header_text_color=\u00bb#5c2100&#8243; header_font_size=\u00bb64px\u00bb text_orientation=\u00bbcenter\u00bb hover_enabled=\u00bb0&#8243; header_font_size_tablet=\u00bb54px\u00bb header_font_size_phone=\u00bb32px\u00bb header_font_size_last_edited=\u00bbon|tablet\u00bb global_colors_info=\u00bb{}\u00bb sticky_enabled=\u00bb0&#8243;]<\/p>\n<h1>SOBRE<\/h1>\n<h1>NOSOTROS<\/h1>\n<p>[\/et_pb_text][\/et_pb_column][\/et_pb_row][et_pb_row column_structure=\u00bb1_3,1_3,1_3&#8243; _builder_version=\u00bb4.23.4&#8243; _module_preset=\u00bbdefault\u00bb global_colors_info=\u00bb{}\u00bb][et_pb_column type=\u00bb1_3&#8243; _builder_version=\u00bb4.23.4&#8243; _module_preset=\u00bbdefault\u00bb custom_css_main_element=\u00bbmargin: auto;\u00bb global_colors_info=\u00bb{}\u00bb custom_css_main_element_last_edited=\u00bboff|desktop\u00bb][et_pb_image src=\u00bbhttp:\/\/restauranteulia.com\/wp-content\/uploads\/2024\/01\/Rectan1gle-33.png\u00bb title_text=\u00bbRectan1gle 33&#8243; align_tablet=\u00bbcenter\u00bb align_phone=\u00bbcenter\u00bb align_last_edited=\u00bbon|tablet\u00bb _builder_version=\u00bb4.23.4&#8243; _module_preset=\u00bbdefault\u00bb custom_margin_tablet=\u00bb||1vh||false|false\u00bb custom_margin_phone=\u00bb||3vh||false|false\u00bb custom_margin_last_edited=\u00bbon|phone\u00bb global_colors_info=\u00bb{}\u00bb][\/et_pb_image][\/et_pb_column][et_pb_column type=\u00bb1_3&#8243; _builder_version=\u00bb4.23.4&#8243; _module_preset=\u00bbdefault\u00bb custom_css_main_element=\u00bbmargin: auto;\u00bb global_colors_info=\u00bb{}\u00bb][et_pb_text _builder_version=\u00bb4.23.4&#8243; _module_preset=\u00bbdefault\u00bb text_font=\u00bbJosefin Sans|300|||||||\u00bb text_orientation=\u00bbcenter\u00bb locked=\u00bboff\u00bb global_colors_info=\u00bb{}\u00bb]<\/p>\n<p>Ubicado en la primera l\u00ednea de la playa de Poniente durante m\u00e1s de cuarenta a\u00f1os, en la entra\u00f1able La Cala, el Restaurante Ulia ha sido un testigo fiel de la evoluci\u00f3n gastron\u00f3mica en Benidorm. Iniciado por la pareja pionera formada por Esteban y Antonia, su legado perdur\u00f3 a trav\u00e9s de los a\u00f1os y las manos de Seraf\u00edn Jimenez y Jos\u00e9 Fuster, quienes, junto a Pilar Ad\u00e1n, han llevado las riendas del establecimiento hasta hoy.<\/p>\n<p>La historia del Ulia es una cr\u00f3nica de dedicaci\u00f3n y amor por la cocina mediterr\u00e1nea. El compromiso de Jos\u00e9 y Pilar ha mantenido la prominencia del restaurante, convirti\u00e9ndolo en un referente culinario en la regi\u00f3n. La medalla de oro al M\u00e9rito al Trabajo otorgada a Josefa Mu\u00f1oz, en reconocimiento a toda una vida en la hosteler\u00eda, destaca el arraigo familiar que ha definido el car\u00e1cter de este establecimiento a lo largo de los a\u00f1os.<\/p>\n<p>[\/et_pb_text][\/et_pb_column][et_pb_column type=\u00bb1_3&#8243; _builder_version=\u00bb4.23.4&#8243; _module_preset=\u00bbdefault\u00bb custom_css_main_element=\u00bbmargin: auto;\u00bb global_colors_info=\u00bb{}\u00bb][et_pb_image src=\u00bbhttp:\/\/restauranteulia.com\/wp-content\/uploads\/2024\/01\/Rectangle-6.png\u00bb title_text=\u00bbRectangle 6&#8243; align=\u00bbright\u00bb align_tablet=\u00bbcenter\u00bb align_phone=\u00bbcenter\u00bb align_last_edited=\u00bbon|tablet\u00bb _builder_version=\u00bb4.23.4&#8243; _module_preset=\u00bbdefault\u00bb custom_margin=\u00bb3vh||||false|false\u00bb global_colors_info=\u00bb{}\u00bb][\/et_pb_image][\/et_pb_column][\/et_pb_row][\/et_pb_section][et_pb_section fb_built=\u00bb1&#8243; _builder_version=\u00bb4.23.4&#8243; _module_preset=\u00bbdefault\u00bb use_background_color_gradient=\u00bbon\u00bb background_color_gradient_stops=\u00bbrgba(254,251,246,0.72) 0%|rgba(254,251,246,0.72) 100%\u00bb background_color_gradient_overlays_image=\u00bbon\u00bb background_image=\u00bbhttp:\/\/restauranteulia.com\/wp-content\/uploads\/2024\/01\/Mesa-Restaurante-Ulia.jpg\u00bb min_height=\u00bb40vh\u00bb da_disable_devices=\u00bboff|off|off\u00bb locked=\u00bboff\u00bb global_colors_info=\u00bb{}\u00bb da_is_popup=\u00bboff\u00bb da_exit_intent=\u00bboff\u00bb da_has_close=\u00bbon\u00bb da_alt_close=\u00bboff\u00bb da_dark_close=\u00bboff\u00bb da_not_modal=\u00bbon\u00bb da_is_singular=\u00bboff\u00bb da_with_loader=\u00bboff\u00bb da_has_shadow=\u00bbon\u00bb][\/et_pb_section][et_pb_section fb_built=\u00bb1&#8243; _builder_version=\u00bb4.23.4&#8243; _module_preset=\u00bbdefault\u00bb background_color=\u00bb#fffdfb\u00bb da_disable_devices=\u00bboff|off|off\u00bb global_colors_info=\u00bb{}\u00bb da_is_popup=\u00bboff\u00bb da_exit_intent=\u00bboff\u00bb da_has_close=\u00bbon\u00bb da_alt_close=\u00bboff\u00bb da_dark_close=\u00bboff\u00bb da_not_modal=\u00bbon\u00bb da_is_singular=\u00bboff\u00bb da_with_loader=\u00bboff\u00bb da_has_shadow=\u00bbon\u00bb][et_pb_row _builder_version=\u00bb4.23.4&#8243; _module_preset=\u00bbdefault\u00bb width=\u00bb31%\u00bb width_tablet=\u00bb31%\u00bb width_phone=\u00bb100%\u00bb width_last_edited=\u00bbon|phone\u00bb global_colors_info=\u00bb{}\u00bb][et_pb_column type=\u00bb4_4&#8243; _builder_version=\u00bb4.23.4&#8243; _module_preset=\u00bbdefault\u00bb global_colors_info=\u00bb{}\u00bb][et_pb_image src=\u00bbhttp:\/\/restauranteulia.com\/wp-content\/uploads\/2024\/01\/Citas.svg\u00bb title_text=\u00bbCitas\u00bb align=\u00bbcenter\u00bb _builder_version=\u00bb4.23.4&#8243; _module_preset=\u00bbdefault\u00bb global_colors_info=\u00bb{}\u00bb][\/et_pb_image][et_pb_text _builder_version=\u00bb4.23.4&#8243; _module_preset=\u00bbdefault\u00bb text_font=\u00bbOpen Sans Condensed||||||||\u00bb text_font_size=\u00bb20px\u00bb text_orientation=\u00bbcenter\u00bb custom_margin=\u00bb||0px||false|false\u00bb custom_padding=\u00bb||0px||false|false\u00bb global_colors_info=\u00bb{}\u00bb]<\/p>\n<p>OPINIONES<\/p>\n<p>[\/et_pb_text][et_pb_slider _builder_version=\u00bb4.23.4&#8243; _module_preset=\u00bbdefault\u00bb body_font=\u00bbJosefin Sans|300|||||||\u00bb body_text_color=\u00bb#5c2100&#8243; body_font_size=\u00bb18px\u00bb background_color=\u00bbRGBA(255,255,255,0)\u00bb custom_margin=\u00bb0px||0px||false|false\u00bb custom_padding=\u00bb0px||0px||false|false\u00bb custom_css_free_form=\u00bb||.et_pb_slide_description {||    text-shadow: none !important;||}||\u00bb global_colors_info=\u00bb{}\u00bb][et_pb_slide button_text=\u00bbClics\u00bb _builder_version=\u00bb4.23.4&#8243; _module_preset=\u00bbdefault\u00bb header_level=\u00bbh6&#8243; header_font=\u00bbOpen Sans Condensed|300|||||||\u00bb global_colors_info=\u00bb{}\u00bb sticky_transition=\u00bbon\u00bb]<\/p>\n<p><span>Es el mejor restaurante para comer arroz de todo Benidorm , voy desde hace muchos a\u00f1os y siguen estando como el primer d\u00eda. Todo siempre fenomenal .<\/span><\/p>\n<p><strong>TG, GOOGLE<\/strong><\/p>\n<p>[\/et_pb_slide][et_pb_slide heading=\u00bbSu t\u00edtulo va aqu\u00ed\u00bb button_text=\u00bbClics\u00bb _builder_version=\u00bb4.23.4&#8243; _module_preset=\u00bbdefault\u00bb global_colors_info=\u00bb{}\u00bb sticky_transition=\u00bbon\u00bb]<\/p>\n<p><span>Un sitio imprescindible de Benidorm. Tienen muy buen g\u00e9nero, son muy amables y el arroz est\u00e1 de lujo. Hemos estado 6 amigos y hemos disfrutado de lo lindo, con una sobremesa de varias horas en las que nos han atendido de 10. Pagas algo m\u00e1s que en otros sitios, pero merece la pena sin duda. Volveremos seguro.<\/span><\/p>\n<p><strong>JAVIER, GOOGLE<\/strong><\/p>\n<p>[\/et_pb_slide][et_pb_slide heading=\u00bbSu t\u00edtulo va aqu\u00ed\u00bb button_text=\u00bbClics\u00bb _builder_version=\u00bb4.23.4&#8243; _module_preset=\u00bbdefault\u00bb global_colors_info=\u00bb{}\u00bb sticky_transition=\u00bbon\u00bb]<\/p>\n<p><span>Hemos comido arroz con bogavante. Y la experiencia ha sido deliciosa. Lo recomiendo en\u00e9rgicamente. Tanto los camarer@s como Pilar y la cocinera han sido encantadores. De 10.<\/span><\/p>\n<p><strong>MARIAN, GOOGLE<\/strong><\/p>\n<p>[\/et_pb_slide][et_pb_slide heading=\u00bbSu t\u00edtulo va aqu\u00ed\u00bb button_text=\u00bbClics\u00bb _builder_version=\u00bb4.23.4&#8243; _module_preset=\u00bbdefault\u00bb global_colors_info=\u00bb{}\u00bb sticky_transition=\u00bbon\u00bb]<\/p>\n<p><span>Excelente lugar, atenci\u00f3n y comida. Ped\u00ed pulpo a las brazas con pure de trufa (con aceite de trufa), exquisito. Rabiole a la gorgonzola espectacular. Y el postre Panna cotta con mango, muy bueno. Lugar muy recomendable.<\/span><\/p>\n<p><strong>EMANUEL, GOOGLE<\/strong><\/p>\n<p>[\/et_pb_slide][\/et_pb_slider][\/et_pb_column][\/et_pb_row][\/et_pb_section]<\/p>\n","protected":false},"excerpt":{"rendered":"<p>NUESTRA HISTORIASOBRE NOSOTROSUbicado en la primera l\u00ednea de la playa de Poniente durante m\u00e1s de cuarenta a\u00f1os, en la entra\u00f1able La Cala, el Restaurante Ulia ha sido un testigo fiel de la evoluci\u00f3n gastron\u00f3mica en Benidorm. Iniciado por la pareja pionera formada por Esteban y Antonia, su legado perdur\u00f3 a trav\u00e9s de los a\u00f1os y [&hellip;]<\/p>\n","protected":false},"author":1,"featured_media":0,"parent":0,"menu_order":0,"comment_status":"closed","ping_status":"closed","template":"","meta":{"_et_pb_use_builder":"on","_et_pb_old_content":"","_et_gb_content_width":"","inline_featured_image":false,"footnotes":""},"class_list":["post-83","page","type-page","status-publish","hentry"],"yoast_head":"<!-- This site is optimized with the Yoast SEO plugin v27.4 - https:\/\/yoast.com\/product\/yoast-seo-wordpress\/ -->\r\n<title>El Restaurante - Restaurante Ulia<\/title>\r\n<meta name=\"description\" content=\"Sobre el Restaurante Ulia\" \/>\r\n<meta name=\"robots\" content=\"index, follow, max-snippet:-1, max-image-preview:large, max-video-preview:-1\" \/>\r\n<link rel=\"canonical\" href=\"https:\/\/restauranteulia.com\/fr\/el-restaurante\/\" \/>\r\n<meta property=\"og:locale\" content=\"fr_FR\" \/>\r\n<meta property=\"og:type\" content=\"article\" \/>\r\n<meta property=\"og:title\" content=\"Sobre el Restaurante Ulia\" \/>\r\n<meta property=\"og:description\" content=\"Sobre el Restaurante Ulia\" \/>\r\n<meta property=\"og:url\" content=\"https:\/\/restauranteulia.com\/fr\/el-restaurante\/\" \/>\r\n<meta property=\"og:site_name\" content=\"Restaurante Ulia\" \/>\r\n<meta property=\"article:modified_time\" content=\"2024-02-19T11:38:19+00:00\" \/>\r\n<meta property=\"og:image\" content=\"https:\/\/restauranteulia.com\/wp-content\/uploads\/2024\/01\/logo-2.png\" \/>\r\n\t<meta property=\"og:image:width\" content=\"83\" \/>\r\n\t<meta property=\"og:image:height\" content=\"47\" \/>\r\n\t<meta property=\"og:image:type\" content=\"image\/png\" \/>\r\n<meta name=\"twitter:card\" content=\"summary_large_image\" \/>\r\n<meta name=\"twitter:label1\" content=\"Dur\u00e9e de lecture estim\u00e9e\" \/>\n\t<meta name=\"twitter:data1\" content=\"3 minutes\" \/>\r\n<script type=\"application\/ld+json\" class=\"yoast-schema-graph\">{\"@context\":\"https:\\\/\\\/schema.org\",\"@graph\":[{\"@type\":[\"WebPage\",\"AboutPage\"],\"@id\":\"https:\\\/\\\/restauranteulia.com\\\/el-restaurante\\\/\",\"url\":\"https:\\\/\\\/restauranteulia.com\\\/el-restaurante\\\/\",\"name\":\"El Restaurante - Restaurante Ulia\",\"isPartOf\":{\"@id\":\"https:\\\/\\\/restauranteulia.com\\\/#website\"},\"datePublished\":\"2024-01-17T14:49:15+00:00\",\"dateModified\":\"2024-02-19T11:38:19+00:00\",\"description\":\"Sobre el Restaurante Ulia\",\"breadcrumb\":{\"@id\":\"https:\\\/\\\/restauranteulia.com\\\/el-restaurante\\\/#breadcrumb\"},\"inLanguage\":\"fr-FR\",\"potentialAction\":[{\"@type\":\"ReadAction\",\"target\":[\"https:\\\/\\\/restauranteulia.com\\\/el-restaurante\\\/\"]}]},{\"@type\":\"BreadcrumbList\",\"@id\":\"https:\\\/\\\/restauranteulia.com\\\/el-restaurante\\\/#breadcrumb\",\"itemListElement\":[{\"@type\":\"ListItem\",\"position\":1,\"name\":\"Portada\",\"item\":\"https:\\\/\\\/restauranteulia.com\\\/\"},{\"@type\":\"ListItem\",\"position\":2,\"name\":\"El Restaurante\"}]},{\"@type\":\"WebSite\",\"@id\":\"https:\\\/\\\/restauranteulia.com\\\/#website\",\"url\":\"https:\\\/\\\/restauranteulia.com\\\/\",\"name\":\"Restaurante Ulia\",\"description\":\"Descubre Restaurante Ulla en Benidorm: sabores aut\u00e9nticos frente al mar.\",\"publisher\":{\"@id\":\"https:\\\/\\\/restauranteulia.com\\\/#organization\"},\"potentialAction\":[{\"@type\":\"SearchAction\",\"target\":{\"@type\":\"EntryPoint\",\"urlTemplate\":\"https:\\\/\\\/restauranteulia.com\\\/?s={search_term_string}\"},\"query-input\":{\"@type\":\"PropertyValueSpecification\",\"valueRequired\":true,\"valueName\":\"search_term_string\"}}],\"inLanguage\":\"fr-FR\"},{\"@type\":\"Organization\",\"@id\":\"https:\\\/\\\/restauranteulia.com\\\/#organization\",\"name\":\"Restaurante Ulia\",\"url\":\"https:\\\/\\\/restauranteulia.com\\\/\",\"logo\":{\"@type\":\"ImageObject\",\"inLanguage\":\"fr-FR\",\"@id\":\"https:\\\/\\\/restauranteulia.com\\\/#\\\/schema\\\/logo\\\/image\\\/\",\"url\":\"http:\\\/\\\/restauranteulia.com\\\/wp-content\\\/uploads\\\/2024\\\/01\\\/logo-2.png\",\"contentUrl\":\"http:\\\/\\\/restauranteulia.com\\\/wp-content\\\/uploads\\\/2024\\\/01\\\/logo-2.png\",\"width\":83,\"height\":47,\"caption\":\"Restaurante Ulia\"},\"image\":{\"@id\":\"https:\\\/\\\/restauranteulia.com\\\/#\\\/schema\\\/logo\\\/image\\\/\"}}]}<\/script>\r\n<!-- \/ Yoast SEO plugin. -->","yoast_head_json":{"title":"El Restaurante - Restaurante Ulia","description":"Sobre el Restaurante Ulia","robots":{"index":"index","follow":"follow","max-snippet":"max-snippet:-1","max-image-preview":"max-image-preview:large","max-video-preview":"max-video-preview:-1"},"canonical":"https:\/\/restauranteulia.com\/fr\/el-restaurante\/","og_locale":"fr_FR","og_type":"article","og_title":"Sobre el Restaurante Ulia","og_description":"Sobre el Restaurante Ulia","og_url":"https:\/\/restauranteulia.com\/fr\/el-restaurante\/","og_site_name":"Restaurante Ulia","article_modified_time":"2024-02-19T11:38:19+00:00","og_image":[{"width":83,"height":47,"url":"https:\/\/restauranteulia.com\/wp-content\/uploads\/2024\/01\/logo-2.png","type":"image\/png"}],"twitter_card":"summary_large_image","twitter_misc":{"Dur\u00e9e de lecture estim\u00e9e":"3 minutes"},"schema":{"@context":"https:\/\/schema.org","@graph":[{"@type":["WebPage","AboutPage"],"@id":"https:\/\/restauranteulia.com\/el-restaurante\/","url":"https:\/\/restauranteulia.com\/el-restaurante\/","name":"El Restaurante - Restaurante Ulia","isPartOf":{"@id":"https:\/\/restauranteulia.com\/#website"},"datePublished":"2024-01-17T14:49:15+00:00","dateModified":"2024-02-19T11:38:19+00:00","description":"Sobre el Restaurante Ulia","breadcrumb":{"@id":"https:\/\/restauranteulia.com\/el-restaurante\/#breadcrumb"},"inLanguage":"fr-FR","potentialAction":[{"@type":"ReadAction","target":["https:\/\/restauranteulia.com\/el-restaurante\/"]}]},{"@type":"BreadcrumbList","@id":"https:\/\/restauranteulia.com\/el-restaurante\/#breadcrumb","itemListElement":[{"@type":"ListItem","position":1,"name":"Portada","item":"https:\/\/restauranteulia.com\/"},{"@type":"ListItem","position":2,"name":"El Restaurante"}]},{"@type":"WebSite","@id":"https:\/\/restauranteulia.com\/#website","url":"https:\/\/restauranteulia.com\/","name":"Restaurante Ulia","description":"Descubre Restaurante Ulla en Benidorm: sabores aut\u00e9nticos frente al mar.","publisher":{"@id":"https:\/\/restauranteulia.com\/#organization"},"potentialAction":[{"@type":"SearchAction","target":{"@type":"EntryPoint","urlTemplate":"https:\/\/restauranteulia.com\/?s={search_term_string}"},"query-input":{"@type":"PropertyValueSpecification","valueRequired":true,"valueName":"search_term_string"}}],"inLanguage":"fr-FR"},{"@type":"Organization","@id":"https:\/\/restauranteulia.com\/#organization","name":"Restaurante Ulia","url":"https:\/\/restauranteulia.com\/","logo":{"@type":"ImageObject","inLanguage":"fr-FR","@id":"https:\/\/restauranteulia.com\/#\/schema\/logo\/image\/","url":"http:\/\/restauranteulia.com\/wp-content\/uploads\/2024\/01\/logo-2.png","contentUrl":"http:\/\/restauranteulia.com\/wp-content\/uploads\/2024\/01\/logo-2.png","width":83,"height":47,"caption":"Restaurante Ulia"},"image":{"@id":"https:\/\/restauranteulia.com\/#\/schema\/logo\/image\/"}}]}},"_links":{"self":[{"href":"https:\/\/restauranteulia.com\/fr\/wp-json\/wp\/v2\/pages\/83","targetHints":{"allow":["GET"]}}],"collection":[{"href":"https:\/\/restauranteulia.com\/fr\/wp-json\/wp\/v2\/pages"}],"about":[{"href":"https:\/\/restauranteulia.com\/fr\/wp-json\/wp\/v2\/types\/page"}],"author":[{"embeddable":true,"href":"https:\/\/restauranteulia.com\/fr\/wp-json\/wp\/v2\/users\/1"}],"replies":[{"embeddable":true,"href":"https:\/\/restauranteulia.com\/fr\/wp-json\/wp\/v2\/comments?post=83"}],"version-history":[{"count":15,"href":"https:\/\/restauranteulia.com\/fr\/wp-json\/wp\/v2\/pages\/83\/revisions"}],"predecessor-version":[{"id":602,"href":"https:\/\/restauranteulia.com\/fr\/wp-json\/wp\/v2\/pages\/83\/revisions\/602"}],"wp:attachment":[{"href":"https:\/\/restauranteulia.com\/fr\/wp-json\/wp\/v2\/media?parent=83"}],"curies":[{"name":"wp","href":"https:\/\/api.w.org\/{rel}","templated":true}]}}