{"id":231,"date":"2024-01-18T14:55:41","date_gmt":"2024-01-18T13:55:41","guid":{"rendered":"http:\/\/localhost\/restauranteulia\/?page_id=231"},"modified":"2024-03-04T16:09:27","modified_gmt":"2024-03-04T15:09:27","slug":"tintos","status":"publish","type":"page","link":"https:\/\/restauranteulia.com\/ru\/tintos\/","title":{"rendered":"Tintos"},"content":{"rendered":"<p>[et_pb_section fb_built=\u00bb1&#8243; _builder_version=\u00bb4.23.4&#8243; _module_preset=\u00bbdefault\u00bb background_color=\u00bbRGBA(255,255,255,0)\u00bb custom_padding=\u00bb||0px||false|false\u00bb da_disable_devices=\u00bboff|off|off\u00bb global_colors_info=\u00bb{}\u00bb admin_label=\u00bbSection\u00bb da_is_popup=\u00bboff\u00bb da_exit_intent=\u00bboff\u00bb da_has_close=\u00bbon\u00bb da_alt_close=\u00bboff\u00bb da_dark_close=\u00bboff\u00bb da_not_modal=\u00bbon\u00bb da_is_singular=\u00bboff\u00bb da_with_loader=\u00bboff\u00bb da_has_shadow=\u00bbon\u00bb locked=\u00bboff\u00bb][et_pb_row _builder_version=\u00bb4.24.1&#8243; _module_preset=\u00bbdefault\u00bb hover_enabled=\u00bb0&#8243; global_colors_info=\u00bb{}\u00bb max_width_last_edited=\u00bbon|desktop\u00bb max_width=\u00bb2560px\u00bb sticky_enabled=\u00bb0&#8243; max_width_tablet=\u00bb2560px\u00bb max_width_phone=\u00bb2560px\u00bb][et_pb_column type=\u00bb4_4&#8243; _builder_version=\u00bb4.23.4&#8243; _module_preset=\u00bbdefault\u00bb global_colors_info=\u00bb{}\u00bb][et_pb_text _builder_version=\u00bb4.24.1&#8243; _module_preset=\u00bbdefault\u00bb text_font=\u00bbOpen||||||||\u00bb text_font_size=\u00bb18px\u00bb text_orientation=\u00bbcenter\u00bb global_colors_info=\u00bb{}\u00bb]<\/p>\n<p>BEBIDAS<\/p>\n<p>[\/et_pb_text][et_pb_text _builder_version=\u00bb4.24.1&#8243; _module_preset=\u00bbdefault\u00bb text_font=\u00bbCaviar Dreams Bold||||||||\u00bb header_text_color=\u00bb#5c2100&#8243; header_font_size=\u00bb64px\u00bb text_orientation=\u00bbcenter\u00bb global_colors_info=\u00bb{}\u00bb]<\/p>\n<h1>TINTOS<\/h1>\n<p>[\/et_pb_text][\/et_pb_column][\/et_pb_row][et_pb_row _builder_version=\u00bb4.24.1&#8243; _module_preset=\u00bbdefault\u00bb column_structure=\u00bb1_4,1_4,1_4,1_4&#8243; hover_enabled=\u00bb0&#8243; sticky_enabled=\u00bb0&#8243; max_width=\u00bb2560px\u00bb border_width_bottom=\u00bb2px\u00bb border_color_bottom=\u00bb#5c2100&#8243;][et_pb_column _builder_version=\u00bb4.24.1&#8243; _module_preset=\u00bbdefault\u00bb type=\u00bb1_4&#8243;][et_pb_text _builder_version=\u00bb4.24.1&#8243; _module_preset=\u00bbdefault\u00bb hover_enabled=\u00bb0&#8243; sticky_enabled=\u00bb0&#8243; text_font=\u00bbCaviar Dreams Bold|800|||||||\u00bb text_font_size=\u00bb30px\u00bb text_orientation=\u00bbcenter\u00bb link_option_url=\u00bb\/tintos\u00bb]<\/p>\n<p>TINTOS<\/p>\n<p>[\/et_pb_text][\/et_pb_column][et_pb_column _builder_version=\u00bb4.24.1&#8243; _module_preset=\u00bbdefault\u00bb type=\u00bb1_4&#8243;][et_pb_text _builder_version=\u00bb4.24.1&#8243; _module_preset=\u00bbdefault\u00bb hover_enabled=\u00bb0&#8243; sticky_enabled=\u00bb0&#8243; text_font=\u00bbCaviar Dreams Bold|800|||||||\u00bb text_font_size=\u00bb30px\u00bb text_orientation=\u00bbcenter\u00bb locked=\u00bboff\u00bb link_option_url=\u00bb\/blancos\u00bb]<\/p>\n<p>BLANCOS<\/p>\n<p>[\/et_pb_text][\/et_pb_column][et_pb_column _builder_version=\u00bb4.24.1&#8243; _module_preset=\u00bbdefault\u00bb type=\u00bb1_4&#8243;][et_pb_text _builder_version=\u00bb4.24.1&#8243; _module_preset=\u00bbdefault\u00bb hover_enabled=\u00bb0&#8243; sticky_enabled=\u00bb0&#8243; text_font=\u00bbCaviar Dreams Bold|800|||||||\u00bb text_font_size=\u00bb30px\u00bb text_orientation=\u00bbcenter\u00bb locked=\u00bboff\u00bb link_option_url=\u00bb\/espumosos\u00bb]<\/p>\n<p>ESPUMOSOS<\/p>\n<p>[\/et_pb_text][\/et_pb_column][et_pb_column _builder_version=\u00bb4.24.1&#8243; _module_preset=\u00bbdefault\u00bb type=\u00bb1_4&#8243;][et_pb_text _builder_version=\u00bb4.24.1&#8243; _module_preset=\u00bbdefault\u00bb hover_enabled=\u00bb0&#8243; sticky_enabled=\u00bb0&#8243; text_font=\u00bbCaviar Dreams Bold|800|||||||\u00bb text_font_size=\u00bb30px\u00bb text_orientation=\u00bbcenter\u00bb locked=\u00bboff\u00bb link_option_url=\u00bb\/rosados\u00bb]<\/p>\n<p>ROSADOS<\/p>\n<p>[\/et_pb_text][\/et_pb_column][\/et_pb_row][et_pb_row _builder_version=\u00bb4.24.1&#8243; _module_preset=\u00bbdefault\u00bb hover_enabled=\u00bb0&#8243; global_colors_info=\u00bb{}\u00bb max_width_last_edited=\u00bbon|desktop\u00bb max_width=\u00bb2560px\u00bb sticky_enabled=\u00bb0&#8243; max_width_tablet=\u00bb2560px\u00bb max_width_phone=\u00bb2560px\u00bb][et_pb_column type=\u00bb4_4&#8243; _builder_version=\u00bb4.23.4&#8243; _module_preset=\u00bbdefault\u00bb global_colors_info=\u00bb{}\u00bb][et_pb_tabs _builder_version=\u00bb4.24.1&#8243; _module_preset=\u00bbdefault\u00bb hover_enabled=\u00bb0&#8243; sticky_enabled=\u00bb0&#8243; background_color=\u00bbRGBA(255,255,255,0)\u00bb border_width_all=\u00bb0px\u00bb custom_css_free_form=\u00bbul.et_pb_tabs_controls {||    background-color: transparent;||}||||ul.et_pb_tabs_controls:after {||    border-top: 0px;||  }\u00bb body_text_align=\u00bbcenter\u00bb tab_font_size=\u00bb18px\u00bb][et_pb_tab title=\u00bb1\/2 BOTELLAS\u00bb _builder_version=\u00bb4.24.1&#8243; _module_preset=\u00bbdefault\u00bb hover_enabled=\u00bb0&#8243; sticky_enabled=\u00bb0&#8243; tab_font=\u00bbCaviar Dreams Bold|700|||||||\u00bb tab_text_color=\u00bb#5c2100&#8243; custom_css_free_form=\u00bbselector h3 {||  color: #5C2100;||}\u00bb background_color=\u00bbRGBA(255,255,255,0)\u00bb background_enable_color=\u00bbon\u00bb body_text_align=\u00bbcenter\u00bb]<\/p>\n<p>&nbsp;<\/p>\n<h3>1\/2 Luis Ca\u00f1as 18,00\u20ac<\/h3>\n<p>Bodega Luis Ca\u00f1as<\/p>\n<h3>3\/8 Muga 20,00\u20ac<\/h3>\n<p>Bodega Muga<\/p>\n<p>[\/et_pb_tab][et_pb_tab title=\u00bbRIOJA CRIANZA\u00bb _builder_version=\u00bb4.24.1&#8243; _module_preset=\u00bbdefault\u00bb sticky_enabled=\u00bb0&#8243; tab_font=\u00bbCaviar Dreams Bold|700|||||||\u00bb tab_text_color=\u00bb#5c2100&#8243; custom_css_free_form=\u00bbselector h3 {||  color: #5C2100;||}\u00bb background_color=\u00bbRGBA(255,255,255,0)\u00bb background_enable_color=\u00bbon\u00bb hover_enabled=\u00bb0&#8243;]<\/p>\n<p>&nbsp;<\/p>\n<h3>Azpilicueta 20,00\u20ac<\/h3>\n<p>Bodega Azpilicueta<\/p>\n<h3>Lagunilla Crianza 20,00\u20ac<\/h3>\n<p>Bodega Laguinilla<\/p>\n<h3>Marqu\u00e9s de C\u00e1ceres Crianza 20,00\u20ac<\/h3>\n<p>Bodega Marqu\u00e9s de C\u00e1ceres<\/p>\n<h3>Luis Ca\u00f1as 25,00\u20ac<\/h3>\n<p>Bodega Luis Ca\u00f1as<\/p>\n<h3>Campillo 25,00\u20ac<\/h3>\n<p>Bodega Campillo<\/p>\n<h3>Amaren 30,00\u20ac<\/h3>\n<p>Familia Luis Ca\u00f1as<\/p>\n<h3>Muga Crianza 32,00\u20ac<\/h3>\n<p>Bodega Muga<\/p>\n<p>[\/et_pb_tab][et_pb_tab title=\u00bbRIOJA RESERVA\u00bb _builder_version=\u00bb4.24.1&#8243; _module_preset=\u00bbdefault\u00bb sticky_enabled=\u00bb0&#8243; tab_font=\u00bbCaviar Dreams Bold|700|||||||\u00bb tab_text_color=\u00bb#5c2100&#8243; custom_css_free_form=\u00bbselector h3 {||  color: #5C2100;||}\u00bb background_color=\u00bbRGBA(255,255,255,0)\u00bb background_enable_color=\u00bbon\u00bb hover_enabled=\u00bb0&#8243;]<\/p>\n<p>&nbsp;<\/p>\n<h3>Vi\u00f1a Ardanza Reserva 49,00\u20ac<\/h3>\n<p>Bodega Rioja Alta<\/p>\n<p>[\/et_pb_tab][et_pb_tab title=\u00bbRIBERA DEL DUERO CRIANZA\u00bb _builder_version=\u00bb4.24.1&#8243; _module_preset=\u00bbdefault\u00bb sticky_enabled=\u00bb0&#8243; tab_font=\u00bbCaviar Dreams Bold|700|||||||\u00bb tab_text_color=\u00bb#5c2100&#8243; custom_css_free_form=\u00bbselector h3 {||  color: #5C2100;||}\u00bb background_color=\u00bbRGBA(255,255,255,0)\u00bb background_enable_color=\u00bbon\u00bb hover_enabled=\u00bb0&#8243;]<\/p>\n<p>&nbsp;<\/p>\n<h3>Finca Resalso 22,00\u20ac<\/h3>\n<p>Bodega Emilio Moro<\/p>\n<h3>Protos 30,00\u20ac<\/h3>\n<p>Bodega Protos<\/p>\n<h3>Emilio Moro 39,00\u20ac<\/h3>\n<p>Bodega Emilio Moro<\/p>\n<h3>Matarromera 40,00\u20ac<\/h3>\n<p>Bodega Matarromera<\/p>\n<h3>Pago de los Capellanes 40,00\u20ac<\/h3>\n<p>Bodega Pago de los Capellanes<\/p>\n<h3>Pesquera 40,00\u20ac<\/h3>\n<p>Bodega Alejando Fern\u00e1ndez<\/p>\n<h3>Pago de Carrovejas 60,00\u20ac<\/h3>\n<p>Bodega Pago de Carrovejas<\/p>\n<h3>Malleolus 70,00\u20ac<\/h3>\n<p>Bodega Emilio Moro<\/p>\n<p>[\/et_pb_tab][et_pb_tab title=\u00bbRIBERA DEL DUERO ROBLE\u00bb _builder_version=\u00bb4.24.1&#8243; _module_preset=\u00bbdefault\u00bb sticky_enabled=\u00bb0&#8243; tab_font=\u00bbCaviar Dreams Bold|700|||||||\u00bb tab_text_color=\u00bb#5c2100&#8243; custom_css_free_form=\u00bbselector h3 {||  color: #5C2100;||}\u00bb background_color=\u00bbRGBA(255,255,255,0)\u00bb background_enable_color=\u00bbon\u00bb hover_enabled=\u00bb0&#8243;]<\/p>\n<p>&nbsp;<\/p>\n<h3>Pago de los Capellanes\u00a0 26,00\u20ac<\/h3>\n<p>Bodega Pago de los Capellanes<\/p>\n<p>[\/et_pb_tab][et_pb_tab title=\u00bbRIBERA DEL DUERO RESERVAS\u00bb _builder_version=\u00bb4.24.1&#8243; _module_preset=\u00bbdefault\u00bb sticky_enabled=\u00bb0&#8243; tab_font=\u00bbCaviar Dreams Bold|700|||||||\u00bb tab_text_color=\u00bb#5c2100&#8243; custom_css_free_form=\u00bbselector h3 {||  color: #5C2100;||}\u00bb background_color=\u00bbRGBA(255,255,255,0)\u00bb background_enable_color=\u00bbon\u00bb hover_enabled=\u00bb0&#8243;]<\/p>\n<p>&nbsp;<\/p>\n<h3>Vega Sicilia Valbuena 290,00\u20ac<\/h3>\n<p>Bodega Vega Sicilia<\/p>\n<h3>Vega Sicilia \u00danico 600,00\u20ac<\/h3>\n<p>Bodega Vega Sicilia<\/p>\n<p>[\/et_pb_tab][et_pb_tab title=\u00bbALICANTE\u00bb _builder_version=\u00bb4.24.1&#8243; _module_preset=\u00bbdefault\u00bb sticky_enabled=\u00bb0&#8243; tab_font=\u00bbCaviar Dreams Bold|700|||||||\u00bb tab_text_color=\u00bb#5c2100&#8243; custom_css_free_form=\u00bbselector h3 {||  color: #5C2100;||}\u00bb background_color=\u00bbRGBA(255,255,255,0)\u00bb background_enable_color=\u00bbon\u00bb hover_enabled=\u00bb0&#8243;]<\/p>\n<p>&nbsp;<\/p>\n<h3>Enrique Mendoza Monastrell 22,00\u20ac<\/h3>\n<p>Bodega Enrique Mendoza<\/p>\n<h3>Enrique Mendoza Pinot Noir 22,00\u20ac<\/h3>\n<p>Bodega Enrique Mendoza<\/p>\n<h3>Enrique Mendoza Petit Verdot 28,00\u20ac<\/h3>\n<p>Bodega Enrique Mendoza<\/p>\n<h3>Pepe Mendoza 30,00\u20ac<\/h3>\n<p>Bodega Mendoza<\/p>\n<h3>El Sequ\u00e9 48,00\u20ac<\/h3>\n<p>Bodega Artadi<\/p>\n<p>[\/et_pb_tab][et_pb_tab title=\u00bbJUMILLA\u00bb _builder_version=\u00bb4.24.1&#8243; _module_preset=\u00bbdefault\u00bb sticky_enabled=\u00bb0&#8243; tab_font=\u00bbCaviar Dreams Bold|700|||||||\u00bb tab_text_color=\u00bb#5c2100&#8243; custom_css_free_form=\u00bbselector h3 {||  color: #5C2100;||}\u00bb background_color=\u00bbRGBA(255,255,255,0)\u00bb background_enable_color=\u00bbon\u00bb hover_enabled=\u00bb0&#8243;]<\/p>\n<p>&nbsp;<\/p>\n<h3>Jumilla 29,00\u20ac<\/h3>\n<p>Bodega Juan Gil<\/p>\n<p>&nbsp;<\/p>\n<p>[\/et_pb_tab][\/et_pb_tabs][\/et_pb_column][\/et_pb_row][\/et_pb_section][et_pb_section fb_built=\u00bb1&#8243; admin_label=\u00bbSection\u00bb _builder_version=\u00bb4.23.4&#8243; _module_preset=\u00bbdefault\u00bb background_image=\u00bbhttp:\/\/restauranteulia.com\/wp-content\/uploads\/2024\/01\/Rectangle-35-1.jpg\u00bb min_height=\u00bb40vh\u00bb da_disable_devices=\u00bboff|off|off\u00bb locked=\u00bboff\u00bb global_colors_info=\u00bb{}\u00bb da_is_popup=\u00bboff\u00bb da_exit_intent=\u00bboff\u00bb da_has_close=\u00bbon\u00bb da_alt_close=\u00bboff\u00bb da_dark_close=\u00bboff\u00bb da_not_modal=\u00bbon\u00bb da_is_singular=\u00bboff\u00bb da_with_loader=\u00bboff\u00bb da_has_shadow=\u00bbon\u00bb][\/et_pb_section]<\/p>\n","protected":false},"excerpt":{"rendered":"<p>BEBIDASTINTOSTINTOSBLANCOSESPUMOSOSROSADOS&nbsp; 1\/2 Luis Ca\u00f1as 18,00\u20ac Bodega Luis Ca\u00f1as 3\/8 Muga 20,00\u20ac Bodega Muga&nbsp; Azpilicueta 20,00\u20ac Bodega Azpilicueta Lagunilla Crianza 20,00\u20ac Bodega Laguinilla Marqu\u00e9s de C\u00e1ceres Crianza 20,00\u20ac Bodega Marqu\u00e9s de C\u00e1ceres Luis Ca\u00f1as 25,00\u20ac Bodega Luis Ca\u00f1as Campillo 25,00\u20ac Bodega Campillo Amaren 30,00\u20ac Familia Luis Ca\u00f1as Muga Crianza 32,00\u20ac Bodega Muga&nbsp; Vi\u00f1a Ardanza Reserva 49,00\u20ac [&hellip;]<\/p>\n","protected":false},"author":1,"featured_media":0,"parent":0,"menu_order":0,"comment_status":"closed","ping_status":"closed","template":"","meta":{"_et_pb_use_builder":"on","_et_pb_old_content":"","_et_gb_content_width":"","inline_featured_image":false,"footnotes":""},"class_list":["post-231","page","type-page","status-publish","hentry"],"yoast_head":"<!-- This site is optimized with the Yoast SEO plugin v27.4 - https:\/\/yoast.com\/product\/yoast-seo-wordpress\/ -->\r\n<title>Tintos - Restaurante Ulia<\/title>\r\n<meta name=\"description\" content=\"Vinos tintos del Restaurante Ulia\" \/>\r\n<meta name=\"robots\" content=\"index, follow, max-snippet:-1, max-image-preview:large, max-video-preview:-1\" \/>\r\n<link rel=\"canonical\" href=\"https:\/\/restauranteulia.com\/ru\/tintos\/\" \/>\r\n<meta property=\"og:locale\" content=\"ru_RU\" \/>\r\n<meta property=\"og:type\" content=\"article\" \/>\r\n<meta property=\"og:title\" content=\"Vinos tintos del Restaurante Ulia\" \/>\r\n<meta property=\"og:description\" content=\"Vinos tintos del Restaurante Ulia\" \/>\r\n<meta property=\"og:url\" content=\"https:\/\/restauranteulia.com\/ru\/tintos\/\" \/>\r\n<meta property=\"og:site_name\" content=\"Restaurante Ulia\" \/>\r\n<meta property=\"article:modified_time\" content=\"2024-03-04T15:09:27+00:00\" \/>\r\n<meta property=\"og:image\" content=\"https:\/\/restauranteulia.com\/wp-content\/uploads\/2024\/01\/logo-2.png\" \/>\r\n\t<meta property=\"og:image:width\" content=\"83\" \/>\r\n\t<meta property=\"og:image:height\" content=\"47\" \/>\r\n\t<meta property=\"og:image:type\" content=\"image\/png\" \/>\r\n<meta name=\"twitter:card\" content=\"summary_large_image\" \/>\r\n<meta name=\"twitter:label1\" content=\"\u041f\u0440\u0438\u043c\u0435\u0440\u043d\u043e\u0435 \u0432\u0440\u0435\u043c\u044f \u0434\u043b\u044f \u0447\u0442\u0435\u043d\u0438\u044f\" \/>\n\t<meta name=\"twitter:data1\" content=\"1 \u043c\u0438\u043d\u0443\u0442\u0430\" \/>\r\n<script type=\"application\/ld+json\" class=\"yoast-schema-graph\">{\"@context\":\"https:\\\/\\\/schema.org\",\"@graph\":[{\"@type\":\"WebPage\",\"@id\":\"https:\\\/\\\/restauranteulia.com\\\/tintos\\\/\",\"url\":\"https:\\\/\\\/restauranteulia.com\\\/tintos\\\/\",\"name\":\"Tintos - Restaurante Ulia\",\"isPartOf\":{\"@id\":\"https:\\\/\\\/restauranteulia.com\\\/#website\"},\"datePublished\":\"2024-01-18T13:55:41+00:00\",\"dateModified\":\"2024-03-04T15:09:27+00:00\",\"description\":\"Vinos tintos del Restaurante Ulia\",\"breadcrumb\":{\"@id\":\"https:\\\/\\\/restauranteulia.com\\\/tintos\\\/#breadcrumb\"},\"inLanguage\":\"ru-RU\",\"potentialAction\":[{\"@type\":\"ReadAction\",\"target\":[\"https:\\\/\\\/restauranteulia.com\\\/tintos\\\/\"]}]},{\"@type\":\"BreadcrumbList\",\"@id\":\"https:\\\/\\\/restauranteulia.com\\\/tintos\\\/#breadcrumb\",\"itemListElement\":[{\"@type\":\"ListItem\",\"position\":1,\"name\":\"Portada\",\"item\":\"https:\\\/\\\/restauranteulia.com\\\/\"},{\"@type\":\"ListItem\",\"position\":2,\"name\":\"Tintos\"}]},{\"@type\":\"WebSite\",\"@id\":\"https:\\\/\\\/restauranteulia.com\\\/#website\",\"url\":\"https:\\\/\\\/restauranteulia.com\\\/\",\"name\":\"Restaurante Ulia\",\"description\":\"Descubre Restaurante Ulla en Benidorm: sabores aut\u00e9nticos frente al mar.\",\"publisher\":{\"@id\":\"https:\\\/\\\/restauranteulia.com\\\/#organization\"},\"potentialAction\":[{\"@type\":\"SearchAction\",\"target\":{\"@type\":\"EntryPoint\",\"urlTemplate\":\"https:\\\/\\\/restauranteulia.com\\\/?s={search_term_string}\"},\"query-input\":{\"@type\":\"PropertyValueSpecification\",\"valueRequired\":true,\"valueName\":\"search_term_string\"}}],\"inLanguage\":\"ru-RU\"},{\"@type\":\"Organization\",\"@id\":\"https:\\\/\\\/restauranteulia.com\\\/#organization\",\"name\":\"Restaurante Ulia\",\"url\":\"https:\\\/\\\/restauranteulia.com\\\/\",\"logo\":{\"@type\":\"ImageObject\",\"inLanguage\":\"ru-RU\",\"@id\":\"https:\\\/\\\/restauranteulia.com\\\/#\\\/schema\\\/logo\\\/image\\\/\",\"url\":\"http:\\\/\\\/restauranteulia.com\\\/wp-content\\\/uploads\\\/2024\\\/01\\\/logo-2.png\",\"contentUrl\":\"http:\\\/\\\/restauranteulia.com\\\/wp-content\\\/uploads\\\/2024\\\/01\\\/logo-2.png\",\"width\":83,\"height\":47,\"caption\":\"Restaurante Ulia\"},\"image\":{\"@id\":\"https:\\\/\\\/restauranteulia.com\\\/#\\\/schema\\\/logo\\\/image\\\/\"}}]}<\/script>\r\n<!-- \/ Yoast SEO plugin. -->","yoast_head_json":{"title":"Tintos - Restaurante Ulia","description":"Vinos tintos del Restaurante Ulia","robots":{"index":"index","follow":"follow","max-snippet":"max-snippet:-1","max-image-preview":"max-image-preview:large","max-video-preview":"max-video-preview:-1"},"canonical":"https:\/\/restauranteulia.com\/ru\/tintos\/","og_locale":"ru_RU","og_type":"article","og_title":"Vinos tintos del Restaurante Ulia","og_description":"Vinos tintos del Restaurante Ulia","og_url":"https:\/\/restauranteulia.com\/ru\/tintos\/","og_site_name":"Restaurante Ulia","article_modified_time":"2024-03-04T15:09:27+00:00","og_image":[{"width":83,"height":47,"url":"https:\/\/restauranteulia.com\/wp-content\/uploads\/2024\/01\/logo-2.png","type":"image\/png"}],"twitter_card":"summary_large_image","twitter_misc":{"\u041f\u0440\u0438\u043c\u0435\u0440\u043d\u043e\u0435 \u0432\u0440\u0435\u043c\u044f \u0434\u043b\u044f \u0447\u0442\u0435\u043d\u0438\u044f":"1 \u043c\u0438\u043d\u0443\u0442\u0430"},"schema":{"@context":"https:\/\/schema.org","@graph":[{"@type":"WebPage","@id":"https:\/\/restauranteulia.com\/tintos\/","url":"https:\/\/restauranteulia.com\/tintos\/","name":"Tintos - Restaurante Ulia","isPartOf":{"@id":"https:\/\/restauranteulia.com\/#website"},"datePublished":"2024-01-18T13:55:41+00:00","dateModified":"2024-03-04T15:09:27+00:00","description":"Vinos tintos del Restaurante Ulia","breadcrumb":{"@id":"https:\/\/restauranteulia.com\/tintos\/#breadcrumb"},"inLanguage":"ru-RU","potentialAction":[{"@type":"ReadAction","target":["https:\/\/restauranteulia.com\/tintos\/"]}]},{"@type":"BreadcrumbList","@id":"https:\/\/restauranteulia.com\/tintos\/#breadcrumb","itemListElement":[{"@type":"ListItem","position":1,"name":"Portada","item":"https:\/\/restauranteulia.com\/"},{"@type":"ListItem","position":2,"name":"Tintos"}]},{"@type":"WebSite","@id":"https:\/\/restauranteulia.com\/#website","url":"https:\/\/restauranteulia.com\/","name":"Restaurante Ulia","description":"Descubre Restaurante Ulla en Benidorm: sabores aut\u00e9nticos frente al mar.","publisher":{"@id":"https:\/\/restauranteulia.com\/#organization"},"potentialAction":[{"@type":"SearchAction","target":{"@type":"EntryPoint","urlTemplate":"https:\/\/restauranteulia.com\/?s={search_term_string}"},"query-input":{"@type":"PropertyValueSpecification","valueRequired":true,"valueName":"search_term_string"}}],"inLanguage":"ru-RU"},{"@type":"Organization","@id":"https:\/\/restauranteulia.com\/#organization","name":"Restaurante Ulia","url":"https:\/\/restauranteulia.com\/","logo":{"@type":"ImageObject","inLanguage":"ru-RU","@id":"https:\/\/restauranteulia.com\/#\/schema\/logo\/image\/","url":"http:\/\/restauranteulia.com\/wp-content\/uploads\/2024\/01\/logo-2.png","contentUrl":"http:\/\/restauranteulia.com\/wp-content\/uploads\/2024\/01\/logo-2.png","width":83,"height":47,"caption":"Restaurante Ulia"},"image":{"@id":"https:\/\/restauranteulia.com\/#\/schema\/logo\/image\/"}}]}},"_links":{"self":[{"href":"https:\/\/restauranteulia.com\/ru\/wp-json\/wp\/v2\/pages\/231","targetHints":{"allow":["GET"]}}],"collection":[{"href":"https:\/\/restauranteulia.com\/ru\/wp-json\/wp\/v2\/pages"}],"about":[{"href":"https:\/\/restauranteulia.com\/ru\/wp-json\/wp\/v2\/types\/page"}],"author":[{"embeddable":true,"href":"https:\/\/restauranteulia.com\/ru\/wp-json\/wp\/v2\/users\/1"}],"replies":[{"embeddable":true,"href":"https:\/\/restauranteulia.com\/ru\/wp-json\/wp\/v2\/comments?post=231"}],"version-history":[{"count":28,"href":"https:\/\/restauranteulia.com\/ru\/wp-json\/wp\/v2\/pages\/231\/revisions"}],"predecessor-version":[{"id":761,"href":"https:\/\/restauranteulia.com\/ru\/wp-json\/wp\/v2\/pages\/231\/revisions\/761"}],"wp:attachment":[{"href":"https:\/\/restauranteulia.com\/ru\/wp-json\/wp\/v2\/media?parent=231"}],"curies":[{"name":"wp","href":"https:\/\/api.w.org\/{rel}","templated":true}]}}